{"id":19,"date":"2017-12-22T16:48:31","date_gmt":"2017-12-22T15:48:31","guid":{"rendered":"http:\/\/mok.kowary.pl\/?page_id=19"},"modified":"2025-10-02T14:01:32","modified_gmt":"2025-10-02T12:01:32","slug":"zajecia-stale","status":"publish","type":"page","link":"https:\/\/mok.kowary.pl\/index.php\/zajecia-stale\/","title":{"rendered":"Zaj\u0119cia sta\u0142e"},"content":{"rendered":"\n<h1 class=\"wp-block-heading\"><br>Zaj\u0119cia pozalekcyjne od pa\u017adziernika 2025<\/h1>\n\n\n\n<p id=\"block-23bd16b6-43af-4506-99ff-9d1352b579ab\"><strong>MOK Kowary \u2013 zapraszamy na zaj\u0119cia dla dzieci<\/strong><\/p>\n\n\n\n<p id=\"block-988f9915-4ba8-4b01-a99e-2a0ef1cba0a2\"><mark><strong>Regulaminy i o\u015bwiadczenia:<\/strong><\/mark><\/p>\n\n\n\n<p id=\"block-8752f09b-3b00-4267-a599-7675e1837beb\">&gt; zaj\u0119cia muzyka &#8211; rytmika &#8211; matematyka <strong><mark>==&gt; <a href=\"http:\/\/mok.kowary.pl\/wp-content\/uploads\/2025\/09\/regulamin-zajec-muzyka-rytmika-matematyka-25.odt\" target=\"_blank\" rel=\"noreferrer noopener\">POBIERZ<\/a><\/mark><\/strong><\/p>\n\n\n\n<p id=\"block-af9f2b2b-0ae6-42ff-81e4-e40ccd3f8608\">&gt; zaj\u0119cia plastyczna <strong><mark>==&gt;<\/mark><\/strong><a href=\"http:\/\/mok.kowary.pl\/wp-content\/uploads\/2025\/09\/regulamin-zajec-plastycznych-2025.odt\" target=\"_blank\" rel=\"noreferrer noopener\"> <\/a><strong><a href=\"http:\/\/mok.kowary.pl\/wp-content\/uploads\/2025\/09\/regulamin-zajec-plastycznych-2025.odt\"><mark>POBIERZ<\/mark><\/a><\/strong><\/p>\n\n\n\n<p id=\"block-32968ed0-9128-4e3d-9518-d839942b0d7c\">&gt; zumba <strong><mark>==&gt;<\/mark><\/strong><a href=\"http:\/\/mok.kowary.pl\/wp-content\/uploads\/2025\/09\/regulamin-zajec-ZUMBA-magda-adamowicz-2025.odt\" target=\"_blank\" rel=\"noreferrer noopener\"> <strong><mark>POBIERZ<\/mark><\/strong><\/a><\/p>\n\n\n\n<figure class=\"wp-block-image\" id=\"block-52f325f7-94f4-4872-bc32-a5453f70dc1e\"><img decoding=\"async\" src=\"https:\/\/mok.kowary.pl\/wp-content\/uploads\/2025\/09\/mok-zajecia-25-z-dniami-724x1024.jpg\" alt=\"Obrazek posiada pusty atrybut alt; plik o nazwie mok-zajecia-25-z-dniami-724x1024.jpg\"\/><\/figure>\n\n\n\n<p id=\"block-83ace365-ff6e-476e-a7ac-3700d874325a\">\ufeff<\/p>\n\n\n\n<p id=\"block-f19aaf3c-f24a-4ad5-a251-28d0b77042a7\"><strong>ZUMBA dla dzieci (6 \u2013 12 lat)<\/strong><\/p>\n\n\n\n<p id=\"block-d3fd11de-4d71-4f44-b851-7c49715b73a1\">80 z\u0142 \/ 4 zaj\u0119cia w miesi\u0105cu<\/p>\n\n\n\n<p id=\"block-d38280ef-5d5a-4734-be98-2052fd4cc2f5\">Poniedzia\u0142ki godz. 16:30<\/p>\n\n\n\n<p id=\"block-ecd0fcd9-e03b-4838-ac7c-2383bada66b2\"><strong>MUZYKA \u2013 RYTMIKA \u2013 MATEMATYKA<\/strong><\/p>\n\n\n\n<p id=\"block-7e8dd264-08fc-490b-90f3-296b7a2e3821\">zaj\u0119cia rozwojowe (2 \u2013 9 lat)<\/p>\n\n\n\n<p id=\"block-ef2421f4-70fa-4dbc-b752-66da79190e29\">80 z\u0142 \/ 4 zaj\u0119cia w miesi\u0105cu<\/p>\n\n\n\n<p id=\"block-6a669ad6-ec2b-4242-bb0d-ebb1c49735dd\">Wtorki godz. 16:00 \u2013 17:00 (dzieci m\u0142odsze)<\/p>\n\n\n\n<p id=\"block-d5f1968e-56a2-49dc-b94d-a61867b624e6\">godz. 17:00 \u2013 18:00 (dzieci starsze)<\/p>\n\n\n\n<p id=\"block-2b92b763-6560-4792-a6b5-5eb923d12675\"><strong>PLASTYCZNE (6 \u2013 12 lat)<\/strong><\/p>\n\n\n\n<p id=\"block-addc2401-ee1a-43ee-87b2-45dac4482989\">80 z\u0142 \/ 4 zaj\u0119cia w miesi\u0105cu<\/p>\n\n\n\n<p id=\"block-ad6eba4c-8a99-4c2e-8b75-0d989f4725a7\">\u015arody godz. 16:00<\/p>\n\n\n\n<p id=\"block-3c3c3ceb-06d1-4997-a8c9-9846e658b316\">Zaj\u0119cia od pocz\u0105tku pa\u017adziernika.<\/p>\n\n\n\n<p id=\"block-8bb46ab0-0016-4d10-8f7f-754a5f886758\">Darmowe zaj\u0119cia pokazowe w ostatnim tygodniu wrze\u015bnia.<\/p>\n\n\n\n<p id=\"block-671179e7-4f86-4092-946a-d63a948409a1\">Informacje i zapisy: biuro MOK tel. 75 718 25 77<\/p>\n\n\n\n<hr class=\"wp-block-separator has-alpha-channel-opacity\" id=\"block-4d5a5f67-8372-49d1-9db4-9a0382fc3bf4\"\/>\n\n\n\n<p id=\"block-4d5f1bf7-5943-491e-af7c-542fd088506b\"><strong>LEGO \u2013 robotyka dla juniora (6 \u2013 10 lat)<\/strong><\/p>\n\n\n\n<p id=\"block-ff691bfc-e6c5-4568-8b0d-ed808f5f4342\">108 z\u0142 \/ 4 zaj\u0119cia w miesi\u0105cu<\/p>\n\n\n\n<p id=\"block-2e4e6634-78c5-4d9b-aa74-f33bfa03b683\">\u015arody godz. 17:00 \u2013 18:00<\/p>\n\n\n\n<p id=\"block-2f6d70c7-9040-4677-a419-8f7464920598\">Informacje i zapisy: Bricks4Kidz, kom. 696 231 980<\/p>\n\n\n\n<p><\/p>\n","protected":false},"excerpt":{"rendered":"<p>Zaj\u0119cia pozalekcyjne od pa\u017adziernika 2025 MOK Kowary \u2013 zapraszamy na zaj\u0119cia dla dzieci Regulaminy i o\u015bwiadczenia: &gt; zaj\u0119cia muzyka &#8211; rytmika &#8211; matematyka ==&gt; POBIERZ &gt; zaj\u0119cia plastyczna ==&gt; POBIERZ &gt; zumba ==&gt; POBIERZ \ufeff ZUMBA dla dzieci (6 \u2013 12 lat) 80 z\u0142 \/ 4 zaj\u0119cia w miesi\u0105cu Poniedzia\u0142ki godz. 16:30 MUZYKA \u2013 RYTMIKA [&hellip;]<\/p>\n","protected":false},"author":1,"featured_media":0,"parent":0,"menu_order":0,"comment_status":"closed","ping_status":"closed","template":"","meta":{"footnotes":""},"_links":{"self":[{"href":"https:\/\/mok.kowary.pl\/index.php\/wp-json\/wp\/v2\/pages\/19"}],"collection":[{"href":"https:\/\/mok.kowary.pl\/index.php\/wp-json\/wp\/v2\/pages"}],"about":[{"href":"https:\/\/mok.kowary.pl\/index.php\/wp-json\/wp\/v2\/types\/page"}],"author":[{"embeddable":true,"href":"https:\/\/mok.kowary.pl\/index.php\/wp-json\/wp\/v2\/users\/1"}],"replies":[{"embeddable":true,"href":"https:\/\/mok.kowary.pl\/index.php\/wp-json\/wp\/v2\/comments?post=19"}],"version-history":[{"count":35,"href":"https:\/\/mok.kowary.pl\/index.php\/wp-json\/wp\/v2\/pages\/19\/revisions"}],"predecessor-version":[{"id":5418,"href":"https:\/\/mok.kowary.pl\/index.php\/wp-json\/wp\/v2\/pages\/19\/revisions\/5418"}],"wp:attachment":[{"href":"https:\/\/mok.kowary.pl\/index.php\/wp-json\/wp\/v2\/media?parent=19"}],"curies":[{"name":"wp","href":"https:\/\/api.w.org\/{rel}","templated":true}]}}