{"id":2045,"date":"2019-06-04T14:30:00","date_gmt":"2019-06-04T12:30:00","guid":{"rendered":"http:\/\/mok.kowary.pl\/?page_id=2045"},"modified":"2025-03-19T10:31:28","modified_gmt":"2025-03-19T09:31:28","slug":"arka-karkonoszy","status":"publish","type":"page","link":"https:\/\/mok.kowary.pl\/index.php\/arka-karkonoszy\/","title":{"rendered":"Realizowane projekty"},"content":{"rendered":"\n<p><\/p>\n\n\n\n<h2 class=\"wp-block-heading\">&#8222;Czy przetrwa spo\u0142eczno\u015b\u0107 pod \u015anie\u017ck\u0105?&#8221;<\/h2>\n\n\n\n<p>Celem projektu jest przede wszystkim utworzenie pomostu pomi\u0119dzy spo\u0142eczno\u015bci\u0105 polsko-czesk\u0105 mieszkaj\u0105c\u0105 pod \u015anie\u017ck\u0105, aby wsp\u00f3lnie stawi\u0107 czo\u0142a wyzwaniom masowej turystyki i wzmacnia\u0107 transgraniczn\u0105 sp\u00f3jno\u015b\u0107, wsp\u00f3\u0142prac\u0119 i relacje z regionem. Projekt realizuje zwi\u0119kszenie \u015bwiadomo\u015bci mieszka\u0144c\u00f3w poprzez edukacj\u0119 i pog\u0142\u0119bianie wiedzy o regionie, w tym zainteresowanie bie\u017c\u0105cymi wydarzeniami po obu stronach granicy.<\/p>\n\n\n\n<p>W projekcie uwzgl\u0119dnione b\u0119dzie zintensyfikowanie wsp\u00f3\u0142pracy pomi\u0119dzy mieszka\u0144cami, instytucjami oraz innymi podmiotami, poprzez organizacj\u0119 spotka\u0144 z lokaln\u0105 spo\u0142eczno\u015bci\u0105, kt\u00f3ra pozwoli utworzy\u0107 przestrze\u0144 do wymiany do\u015bwiadcze\u0144, wiedzy i pomys\u0142\u00f3w. Projekt realizuje tak\u017ce wspieranie warto\u015bci i odpowiedzialno\u015bci spo\u0142ecznej wobec regionu, inicjuje i buduje silne poczucie zachowania dziedzictwa regionu.<\/p>\n\n\n\n<p>Projekt bezpo\u015brednio odpowiada na bie\u017c\u0105cy problem wp\u0142yw\u00f3w masowej turystyki na lokalnych mieszka\u0144c\u00f3w, wyznacza cele i dzia\u0142ania, takie jak wsp\u00f3lne definiowanie problemu, budowanie relacji i wsp\u00f3\u0142pracy, kt\u00f3ra znacz\u0105co przyczyni si\u0119 do realizacji celu programowego. Wyniki projektu nie s\u0105 planowane jako kr\u00f3tkoterminowe rozwi\u0105zanie. Zamiast tego k\u0142adziony jest nacisk na budowanie silnych, trwa\u0142ych relacji, zwi\u0119kszanie \u015bwiadomo\u015bci oraz promowanie odpowiedzialno\u015bci spo\u0142ecznej.<\/p>\n\n\n\n<p>Projekt zosta\u0142 zaproponowany w taki spos\u00f3b, aby tworzy\u0107 trwa\u0142e wi\u0119zi mi\u0119dzy lokalnymi spo\u0142eczno\u015bciami po obu stronach granicy, co gwarantuje, \u017ce dzia\u0142ania b\u0119d\u0105 mia\u0142y g\u0142\u0119boki i d\u0142ugotrwa\u0142y wp\u0142yw na region i jego mieszka\u0144c\u00f3w.<\/p>\n\n\n\n<figure class=\"wp-block-image\"><img decoding=\"async\" src=\"https:\/\/projektsniezka.eu\/wp-content\/uploads\/2024\/09\/NowyBaner-scaled.jpg\" alt=\"NowyBaner\" title=\"NowyBaner\"\/><\/figure>\n\n\n<h3>Zrealizowane projekty:<\/h3>\n<h3>&#8211; &#8222;Dokumentacyjne Centrum Karkonoszy online&#8221; &#8211; realizacja: stycze\u0144 2022 &#8211; czerwiec 2023<\/h3>\n<p>realizowane materia\u0142y mo\u017cna ogl\u0105da\u0107:<\/p>\n<p>Facebook Arka Karkonoszy:\u00a0<a href=\"https:\/\/www.facebook.com\/arkakarkonoszypl\">https:\/\/www.facebook.com\/arkakarkonoszypl<\/a><\/p>\n<p>Facebook Kurier Kowarski:<a href=\"https:\/\/www.facebook.com\/profile.php?id=100077614231539\">\u00a0https:\/\/www.facebook.com\/profile.php?id=100077614231539<\/a><\/p>\n<p>Youtube Arka Karkonoszy online:\u00a0<a href=\"https:\/\/www.youtube.com\/channel\/UCjJ_AKRir_RjekQpJ7GkTGA\">https:\/\/www.youtube.com\/channel\/UCjJ_AKRir_RjekQpJ7GkTGA<\/a><\/p>\n<p><img loading=\"lazy\" decoding=\"async\" class=\"alignnone size-full wp-image-3697\" src=\"http:\/\/mok.kowary.pl\/wp-content\/uploads\/2022\/08\/272339074_100620825868392_4682667229795357796_n.jpg\" alt=\"\" width=\"1900\" height=\"700\" srcset=\"https:\/\/mok.kowary.pl\/wp-content\/uploads\/2022\/08\/272339074_100620825868392_4682667229795357796_n.jpg 1900w, https:\/\/mok.kowary.pl\/wp-content\/uploads\/2022\/08\/272339074_100620825868392_4682667229795357796_n-300x111.jpg 300w, https:\/\/mok.kowary.pl\/wp-content\/uploads\/2022\/08\/272339074_100620825868392_4682667229795357796_n-768x283.jpg 768w, https:\/\/mok.kowary.pl\/wp-content\/uploads\/2022\/08\/272339074_100620825868392_4682667229795357796_n-1024x377.jpg 1024w\" sizes=\"(max-width: 1900px) 100vw, 1900px\" \/><\/p>\n<h3>&#8211; &#8222;Ocalmy pami\u0119\u0107 Karkonoszy!&#8221; &#8211; realizacja: stycze\u0144 2019 &#8211; sierpie\u0144 2022<\/h3>\n<h3 class=\"_2cuy _50a1 _2vxa\">Jak wa\u017cne s\u0105 dla nas wspomnienia? Ile obecnie s\u0105 warte dla nas stare fotografii \/ nagrania bliskich&#8230; <span class=\"_4yxo\">Bezcenne! <\/span><\/h3>\n<div class=\"_2cuy _3dgx _2vxa\">Minionych chwil nikt nam nie zwr\u00f3ci, dlatego tak wa\u017cne jest ich zapisywanie&#8230; My si\u0119 tym zajmujemy!<\/div>\n<div class=\"_2cuy _3dgx _2vxa\"><span class=\"_4yxo\">ARKA KARKONOSZY<\/span> &#8211; to projekt, kt\u00f3ry ma na celu archiwizacj\u0119 Pa\u0144stwa wspomnie\u0144 oraz dokumentowanie bie\u017c\u0105cych zdarze\u0144.<\/div>\n<div class=\"_2cuy _3dgx _2vxa\">Dzia\u0142amy w partnerstwie z naszymi czeskimi przyjaci\u00f3\u0142mi i wsp\u00f3lnie staramy sie dokumentowa\u0107 historie Karkonoszy.<\/div>\n<div class=\"_2cuy _3dgx _2vxa\">Wszystkie archiwizowane materia\u0142y b\u0119d\u0105 mogli Pa\u0144stwo ogl\u0105da\u0107 na specjalnej platformie (obecnie w trakcie budowy).<\/div>\n<div class=\"_2cuy _3dgx _2vxa\">Projekt jest realizowany w <a href=\"https:\/\/l.facebook.com\/l.php?u=https%3A%2F%2Fwww.google.com%2Furl%3Fsa%3Dt%26rct%3Dj%26q%26esrc%3Ds%26source%3Dweb%26cd%3D1%26ved%3D2ahUKEwjkqqfYjqPkAhVG2KQKHQiRDUUQFjAAegQIABAC%26url%3Dhttp%253A%252F%252Fmok.kowary.pl%252F%26usg%3DAOvVaw0eRwY4yYfmPFwjb5FftXuE%26fbclid%3DIwAR1RLuj5jdaNDQz4ROalg8j245HNdCp8HqAh3TrBvU0IKhN0khP8CIOlOww&amp;h=AT1s4iwVrPKv8zIqaPbzUPEer9LKtrAffYCcCeRXLSNLgqjBUp6z6VhkV8y4ObNppFVpndfuF-y0qyM8pGKr_Tr05ofoPypwd9tfIuZk67guJpYPhd4fAOfJ7-N9Nu-Tz0WjbDuqYAI\" target=\"_blank\" rel=\"noopener nofollow\" data-lynx-mode=\"asynclazy\">Miejski O\u015brodek Kultury w Kowarach<\/a><\/div>\n<div class=\"_2cuy _3dgx _2vxa\">Wszystkie nasze, dotychczasowe materia\u0142y video mog\u0105 Pa\u0144stwo zobaczy\u0107 na platformie YouTube:<span style=\"color: #000000;\"><strong> <a style=\"color: #000000;\" href=\"https:\/\/l.facebook.com\/l.php?u=https%3A%2F%2Fwww.youtube.com%2Fchannel%2FUCjJ_AKRir_RjekQpJ7GkTGA%3Ffbclid%3DIwAR0aQFlolTl32-dy80Axz7hI8gUPGOpB4RZjPYEIpViipJUxg99getzKJJ4&amp;h=AT04-wGZ1w6bRSV1qxse1WX5vvzeJAKTRcXzx4AlWLeMAG2PVyRlSPegTudeHkdAGh1y6diHPdDIxbqd-90Aq7KvqoXYP3rB5uAyaV4uj9nF5GYDY2U4ovO41_7dZxg_I_lBsqFsCSE\" target=\"_blank\" rel=\"noopener nofollow\" data-lynx-mode=\"asynclazy\">https:\/\/www.youtube.com\/channel\/UCjJ_AKRir_RjekQpJ7GkTGA<\/a> <\/strong><\/span><a href=\"https:\/\/l.facebook.com\/l.php?u=https%3A%2F%2Fwww.google.com%2Furl%3Fsa%3Dt%26rct%3Dj%26q%26esrc%3Ds%26source%3Dweb%26cd%3D1%26ved%3D2ahUKEwjkqqfYjqPkAhVG2KQKHQiRDUUQFjAAegQIABAC%26url%3Dhttp%253A%252F%252Fmok.kowary.pl%252F%26usg%3DAOvVaw0eRwY4yYfmPFwjb5FftXuE%26fbclid%3DIwAR02NgjPl5v72xMFEKvqSG0RDEZRwE61wFIZTfhsUYD44DjONmYzd6CHKo0&amp;h=AT3t5sNcwGObFGRnqnbl1i0mv-6zeU2fv8dbJm2aG9-YfwVdtXc6LZjgJvaM93ugAIZUOJUopoGXMyR3Uxc856PL4rV0AP-lrFWIX1M_0E7YDqt9CgmpwYgXISVsS0eUtTCoUnaxyc0\" target=\"_blank\" rel=\"noopener nofollow\" data-lynx-mode=\"asynclazy\"><br \/><\/a><\/div>\n<div>i na stronie Facebook:\u00a0<a href=\"https:\/\/www.facebook.com\/arkakarkonoszypl\">https:\/\/www.facebook.com\/arkakarkonoszypl<\/a><\/div>\n<div class=\"_2cuy _3dgx _2vxa\"><span class=\"_4yxp\">Ocalmy pami\u0119\u0107 Karkonoszy! Projekt wsp\u00f3\u0142finansowany ze \u015brodk\u00f3w Unii Europejskiej w ramach<\/span><\/div>\n<div class=\"_2cuy _3dgx _2vxa\"><span class=\"_4yxp\">Europejskiego Funduszu Rozwoju Regionalnego<\/span><\/div>\n<div class=\"_2cuy _3dgx _2vxa\"><span class=\"_4yxp\">Program: Interreg V-A Republika Czeska \u2014 Polska O\u015b priorytetowa 4:<\/span><\/div>\n<div class=\"_2cuy _3dgx _2vxa\"><span class=\"_4yxp\">Wsp\u00f3\u0142praca instytucji i spo\u0142eczno\u015bci. NR: CZ.11.4.120\/0.0\/0.0\/17_028\/0001630<\/span><\/div>\n<div><img loading=\"lazy\" decoding=\"async\" class=\"alignnone size-full wp-image-2145\" src=\"http:\/\/mok.kowary.pl\/wp-content\/uploads\/2020\/01\/unnamed.png\" alt=\"\" width=\"1211\" height=\"116\" srcset=\"https:\/\/mok.kowary.pl\/wp-content\/uploads\/2020\/01\/unnamed.png 1211w, https:\/\/mok.kowary.pl\/wp-content\/uploads\/2020\/01\/unnamed-300x29.png 300w, https:\/\/mok.kowary.pl\/wp-content\/uploads\/2020\/01\/unnamed-768x74.png 768w, https:\/\/mok.kowary.pl\/wp-content\/uploads\/2020\/01\/unnamed-1024x98.png 1024w\" sizes=\"(max-width: 1211px) 100vw, 1211px\" \/><\/div>","protected":false},"excerpt":{"rendered":"<p>&#8222;Czy przetrwa spo\u0142eczno\u015b\u0107 pod \u015anie\u017ck\u0105?&#8221; Celem projektu jest przede wszystkim utworzenie pomostu pomi\u0119dzy spo\u0142eczno\u015bci\u0105 polsko-czesk\u0105 mieszkaj\u0105c\u0105 pod \u015anie\u017ck\u0105, aby wsp\u00f3lnie stawi\u0107 czo\u0142a wyzwaniom masowej turystyki i wzmacnia\u0107 transgraniczn\u0105 sp\u00f3jno\u015b\u0107, wsp\u00f3\u0142prac\u0119 i relacje z regionem. Projekt realizuje zwi\u0119kszenie \u015bwiadomo\u015bci mieszka\u0144c\u00f3w poprzez edukacj\u0119 i pog\u0142\u0119bianie wiedzy o regionie, w tym zainteresowanie bie\u017c\u0105cymi wydarzeniami po obu stronach granicy. [&hellip;]<\/p>\n","protected":false},"author":1,"featured_media":0,"parent":0,"menu_order":0,"comment_status":"closed","ping_status":"closed","template":"","meta":{"footnotes":""},"_links":{"self":[{"href":"https:\/\/mok.kowary.pl\/index.php\/wp-json\/wp\/v2\/pages\/2045"}],"collection":[{"href":"https:\/\/mok.kowary.pl\/index.php\/wp-json\/wp\/v2\/pages"}],"about":[{"href":"https:\/\/mok.kowary.pl\/index.php\/wp-json\/wp\/v2\/types\/page"}],"author":[{"embeddable":true,"href":"https:\/\/mok.kowary.pl\/index.php\/wp-json\/wp\/v2\/users\/1"}],"replies":[{"embeddable":true,"href":"https:\/\/mok.kowary.pl\/index.php\/wp-json\/wp\/v2\/comments?post=2045"}],"version-history":[{"count":7,"href":"https:\/\/mok.kowary.pl\/index.php\/wp-json\/wp\/v2\/pages\/2045\/revisions"}],"predecessor-version":[{"id":5179,"href":"https:\/\/mok.kowary.pl\/index.php\/wp-json\/wp\/v2\/pages\/2045\/revisions\/5179"}],"wp:attachment":[{"href":"https:\/\/mok.kowary.pl\/index.php\/wp-json\/wp\/v2\/media?parent=2045"}],"curies":[{"name":"wp","href":"https:\/\/api.w.org\/{rel}","templated":true}]}}