{"id":21,"date":"2017-12-22T16:49:04","date_gmt":"2017-12-22T15:49:04","guid":{"rendered":"http:\/\/mok.kowary.pl\/?page_id=21"},"modified":"2018-01-02T10:58:15","modified_gmt":"2018-01-02T09:58:15","slug":"kowarskie-zespolu-myzyczne","status":"publish","type":"page","link":"https:\/\/mok.kowary.pl\/index.php\/kowarskie-zespolu-myzyczne\/","title":{"rendered":"Kowarskie zespo\u0142y muzyczne"},"content":{"rendered":"<p>W MOK Kowary obecnie dzia\u0142aj\u0105 nast\u0119puj\u0105ce zespo\u0142y muzyczne:<\/p>\n<ul>\n<li>Kowarskie Wrzosy<\/li>\n<\/ul>\n<div id='gallery-1' class='gallery galleryid-21 gallery-columns-6 gallery-size-thumbnail'><dl class='gallery-item'>\n\t\t\t<dt class='gallery-icon landscape'>\n\t\t\t\t<a href='https:\/\/mok.kowary.pl\/wp-content\/uploads\/2018\/01\/Jamolada-006.jpg'><img loading=\"lazy\" decoding=\"async\" width=\"150\" height=\"150\" src=\"https:\/\/mok.kowary.pl\/wp-content\/uploads\/2018\/01\/Jamolada-006-150x150.jpg\" class=\"attachment-thumbnail size-thumbnail\" alt=\"\" \/><\/a>\n\t\t\t<\/dt><\/dl><dl class='gallery-item'>\n\t\t\t<dt class='gallery-icon landscape'>\n\t\t\t\t<a href='https:\/\/mok.kowary.pl\/wp-content\/uploads\/2018\/01\/Jamolada-007.jpg'><img loading=\"lazy\" decoding=\"async\" width=\"150\" height=\"150\" src=\"https:\/\/mok.kowary.pl\/wp-content\/uploads\/2018\/01\/Jamolada-007-150x150.jpg\" class=\"attachment-thumbnail size-thumbnail\" alt=\"\" \/><\/a>\n\t\t\t<\/dt><\/dl><dl class='gallery-item'>\n\t\t\t<dt class='gallery-icon landscape'>\n\t\t\t\t<a href='https:\/\/mok.kowary.pl\/wp-content\/uploads\/2018\/01\/Jamolada-028.jpg'><img loading=\"lazy\" decoding=\"async\" width=\"150\" height=\"150\" src=\"https:\/\/mok.kowary.pl\/wp-content\/uploads\/2018\/01\/Jamolada-028-150x150.jpg\" class=\"attachment-thumbnail size-thumbnail\" alt=\"\" \/><\/a>\n\t\t\t<\/dt><\/dl><dl class='gallery-item'>\n\t\t\t<dt class='gallery-icon landscape'>\n\t\t\t\t<a href='https:\/\/mok.kowary.pl\/wp-content\/uploads\/2018\/01\/Wrzosy_01.jpg'><img loading=\"lazy\" decoding=\"async\" width=\"150\" height=\"150\" src=\"https:\/\/mok.kowary.pl\/wp-content\/uploads\/2018\/01\/Wrzosy_01-150x150.jpg\" class=\"attachment-thumbnail size-thumbnail\" alt=\"\" \/><\/a>\n\t\t\t<\/dt><\/dl><dl class='gallery-item'>\n\t\t\t<dt class='gallery-icon landscape'>\n\t\t\t\t<a href='https:\/\/mok.kowary.pl\/wp-content\/uploads\/2018\/01\/Wrzosy_05.jpg'><img loading=\"lazy\" decoding=\"async\" width=\"150\" height=\"150\" src=\"https:\/\/mok.kowary.pl\/wp-content\/uploads\/2018\/01\/Wrzosy_05-150x150.jpg\" class=\"attachment-thumbnail size-thumbnail\" alt=\"\" \/><\/a>\n\t\t\t<\/dt><\/dl><dl class='gallery-item'>\n\t\t\t<dt class='gallery-icon landscape'>\n\t\t\t\t<a href='https:\/\/mok.kowary.pl\/wp-content\/uploads\/2018\/01\/Wrzosy_08.jpg'><img loading=\"lazy\" decoding=\"async\" width=\"150\" height=\"150\" src=\"https:\/\/mok.kowary.pl\/wp-content\/uploads\/2018\/01\/Wrzosy_08-150x150.jpg\" class=\"attachment-thumbnail size-thumbnail\" alt=\"\" \/><\/a>\n\t\t\t<\/dt><\/dl><br style=\"clear: both\" \/>\n\t\t<\/div>\n\n<ul>\n<li>Kowarska Orkiestra Rozrywkowa<\/li>\n<\/ul>\n<div id='gallery-2' class='gallery galleryid-21 gallery-columns-6 gallery-size-thumbnail'><dl class='gallery-item'>\n\t\t\t<dt class='gallery-icon landscape'>\n\t\t\t\t<a href='https:\/\/mok.kowary.pl\/wp-content\/uploads\/2018\/01\/20819017_1643382115692975_4974311329915475276_o.jpg'><img loading=\"lazy\" decoding=\"async\" width=\"150\" height=\"150\" src=\"https:\/\/mok.kowary.pl\/wp-content\/uploads\/2018\/01\/20819017_1643382115692975_4974311329915475276_o-150x150.jpg\" class=\"attachment-thumbnail size-thumbnail\" alt=\"\" \/><\/a>\n\t\t\t<\/dt><\/dl><dl class='gallery-item'>\n\t\t\t<dt class='gallery-icon landscape'>\n\t\t\t\t<a href='https:\/\/mok.kowary.pl\/wp-content\/uploads\/2018\/01\/21430574_1669810213050165_3447355672053203209_n.jpg'><img loading=\"lazy\" decoding=\"async\" width=\"150\" height=\"150\" src=\"https:\/\/mok.kowary.pl\/wp-content\/uploads\/2018\/01\/21430574_1669810213050165_3447355672053203209_n-150x150.jpg\" class=\"attachment-thumbnail size-thumbnail\" alt=\"\" \/><\/a>\n\t\t\t<\/dt><\/dl><dl class='gallery-item'>\n\t\t\t<dt class='gallery-icon landscape'>\n\t\t\t\t<a href='https:\/\/mok.kowary.pl\/wp-content\/uploads\/2018\/01\/21558912_1669810313050155_8541116152311993633_n.jpg'><img loading=\"lazy\" decoding=\"async\" width=\"150\" height=\"150\" src=\"https:\/\/mok.kowary.pl\/wp-content\/uploads\/2018\/01\/21558912_1669810313050155_8541116152311993633_n-150x150.jpg\" class=\"attachment-thumbnail size-thumbnail\" alt=\"\" \/><\/a>\n\t\t\t<\/dt><\/dl><dl class='gallery-item'>\n\t\t\t<dt class='gallery-icon landscape'>\n\t\t\t\t<a href='https:\/\/mok.kowary.pl\/wp-content\/uploads\/2018\/01\/23376122_1731714803526372_6180230673883255170_n.jpg'><img loading=\"lazy\" decoding=\"async\" width=\"150\" height=\"150\" src=\"https:\/\/mok.kowary.pl\/wp-content\/uploads\/2018\/01\/23376122_1731714803526372_6180230673883255170_n-150x150.jpg\" class=\"attachment-thumbnail size-thumbnail\" alt=\"\" \/><\/a>\n\t\t\t<\/dt><\/dl><dl class='gallery-item'>\n\t\t\t<dt class='gallery-icon landscape'>\n\t\t\t\t<a href='https:\/\/mok.kowary.pl\/wp-content\/uploads\/2018\/01\/20638857_1639464262751427_4599961078039145672_n.jpg'><img loading=\"lazy\" decoding=\"async\" width=\"150\" height=\"150\" src=\"https:\/\/mok.kowary.pl\/wp-content\/uploads\/2018\/01\/20638857_1639464262751427_4599961078039145672_n-150x150.jpg\" class=\"attachment-thumbnail size-thumbnail\" alt=\"\" \/><\/a>\n\t\t\t<\/dt><\/dl><dl class='gallery-item'>\n\t\t\t<dt class='gallery-icon landscape'>\n\t\t\t\t<a href='https:\/\/mok.kowary.pl\/wp-content\/uploads\/2018\/01\/23376650_1731715003526352_6889207081737399551_n.jpg'><img loading=\"lazy\" decoding=\"async\" width=\"150\" height=\"150\" src=\"https:\/\/mok.kowary.pl\/wp-content\/uploads\/2018\/01\/23376650_1731715003526352_6889207081737399551_n-150x150.jpg\" class=\"attachment-thumbnail size-thumbnail\" alt=\"\" \/><\/a>\n\t\t\t<\/dt><\/dl><br style=\"clear: both\" \/>\n\t\t<\/div>\n\n<ul>\n<li>Mooroi<\/li>\n<\/ul>\n<div id='gallery-3' class='gallery galleryid-21 gallery-columns-6 gallery-size-thumbnail'><dl class='gallery-item'>\n\t\t\t<dt class='gallery-icon landscape'>\n\t\t\t\t<a href='https:\/\/mok.kowary.pl\/wp-content\/uploads\/2018\/01\/10253760_634635243289130_7493454082916808668_n.jpg'><img loading=\"lazy\" decoding=\"async\" width=\"150\" height=\"150\" src=\"https:\/\/mok.kowary.pl\/wp-content\/uploads\/2018\/01\/10253760_634635243289130_7493454082916808668_n-150x150.jpg\" class=\"attachment-thumbnail size-thumbnail\" alt=\"\" \/><\/a>\n\t\t\t<\/dt><\/dl><dl class='gallery-item'>\n\t\t\t<dt class='gallery-icon landscape'>\n\t\t\t\t<a href='https:\/\/mok.kowary.pl\/wp-content\/uploads\/2018\/01\/10277108_634635336622454_4643536768950264079_n.jpg'><img loading=\"lazy\" decoding=\"async\" width=\"150\" height=\"150\" src=\"https:\/\/mok.kowary.pl\/wp-content\/uploads\/2018\/01\/10277108_634635336622454_4643536768950264079_n-150x150.jpg\" class=\"attachment-thumbnail size-thumbnail\" alt=\"\" \/><\/a>\n\t\t\t<\/dt><\/dl><dl class='gallery-item'>\n\t\t\t<dt class='gallery-icon landscape'>\n\t\t\t\t<a href='https:\/\/mok.kowary.pl\/wp-content\/uploads\/2018\/01\/10330388_634635323289122_1684936691778762030_n.jpg'><img loading=\"lazy\" decoding=\"async\" width=\"150\" height=\"150\" src=\"https:\/\/mok.kowary.pl\/wp-content\/uploads\/2018\/01\/10330388_634635323289122_1684936691778762030_n-150x150.jpg\" class=\"attachment-thumbnail size-thumbnail\" alt=\"\" \/><\/a>\n\t\t\t<\/dt><\/dl><dl class='gallery-item'>\n\t\t\t<dt class='gallery-icon landscape'>\n\t\t\t\t<a href='https:\/\/mok.kowary.pl\/wp-content\/uploads\/2018\/01\/10351532_634635259955795_365274777742659637_n.jpg'><img loading=\"lazy\" decoding=\"async\" width=\"150\" height=\"150\" src=\"https:\/\/mok.kowary.pl\/wp-content\/uploads\/2018\/01\/10351532_634635259955795_365274777742659637_n-150x150.jpg\" class=\"attachment-thumbnail size-thumbnail\" alt=\"\" \/><\/a>\n\t\t\t<\/dt><\/dl><dl class='gallery-item'>\n\t\t\t<dt class='gallery-icon landscape'>\n\t\t\t\t<a href='https:\/\/mok.kowary.pl\/wp-content\/uploads\/2018\/01\/10376065_6346352099558.jpg'><img loading=\"lazy\" decoding=\"async\" width=\"150\" height=\"150\" src=\"https:\/\/mok.kowary.pl\/wp-content\/uploads\/2018\/01\/10376065_6346352099558-150x150.jpg\" class=\"attachment-thumbnail size-thumbnail\" alt=\"\" \/><\/a>\n\t\t\t<\/dt><\/dl><dl class='gallery-item'>\n\t\t\t<dt class='gallery-icon landscape'>\n\t\t\t\t<a href='https:\/\/mok.kowary.pl\/wp-content\/uploads\/2018\/01\/10376065_634635209955800_1774108803255960577_n.jpg'><img loading=\"lazy\" decoding=\"async\" width=\"150\" height=\"150\" src=\"https:\/\/mok.kowary.pl\/wp-content\/uploads\/2018\/01\/10376065_634635209955800_1774108803255960577_n-150x150.jpg\" class=\"attachment-thumbnail size-thumbnail\" alt=\"\" \/><\/a>\n\t\t\t<\/dt><\/dl><br style=\"clear: both\" \/>\n\t\t<\/div>\n\n<ul>\n<li>Bandi<\/li>\n<\/ul>\n<div id='gallery-4' class='gallery galleryid-21 gallery-columns-6 gallery-size-thumbnail'><dl class='gallery-item'>\n\t\t\t<dt class='gallery-icon landscape'>\n\t\t\t\t<a href='https:\/\/mok.kowary.pl\/wp-content\/uploads\/2018\/01\/10298491_1011846242179385_2184707321075677000_o.jpg'><img loading=\"lazy\" decoding=\"async\" width=\"150\" height=\"150\" src=\"https:\/\/mok.kowary.pl\/wp-content\/uploads\/2018\/01\/10298491_1011846242179385_2184707321075677000_o-150x150.jpg\" class=\"attachment-thumbnail size-thumbnail\" alt=\"\" \/><\/a>\n\t\t\t<\/dt><\/dl><dl class='gallery-item'>\n\t\t\t<dt class='gallery-icon landscape'>\n\t\t\t\t<a href='https:\/\/mok.kowary.pl\/wp-content\/uploads\/2018\/01\/16722555_1484902814873723_620124289906841711_o.jpg'><img loading=\"lazy\" decoding=\"async\" width=\"150\" height=\"150\" src=\"https:\/\/mok.kowary.pl\/wp-content\/uploads\/2018\/01\/16722555_1484902814873723_620124289906841711_o-150x150.jpg\" class=\"attachment-thumbnail size-thumbnail\" alt=\"\" \/><\/a>\n\t\t\t<\/dt><\/dl><dl class='gallery-item'>\n\t\t\t<dt class='gallery-icon landscape'>\n\t\t\t\t<a href='https:\/\/mok.kowary.pl\/wp-content\/uploads\/2018\/01\/16798011_1484903858206952_348468996456623468_o.jpg'><img loading=\"lazy\" decoding=\"async\" width=\"150\" height=\"150\" src=\"https:\/\/mok.kowary.pl\/wp-content\/uploads\/2018\/01\/16798011_1484903858206952_348468996456623468_o-150x150.jpg\" class=\"attachment-thumbnail size-thumbnail\" alt=\"\" \/><\/a>\n\t\t\t<\/dt><\/dl><dl class='gallery-item'>\n\t\t\t<dt class='gallery-icon landscape'>\n\t\t\t\t<a href='https:\/\/mok.kowary.pl\/wp-content\/uploads\/2018\/01\/16836059_1484902594873745_8286732991214054984_o.jpg'><img loading=\"lazy\" decoding=\"async\" width=\"150\" height=\"150\" src=\"https:\/\/mok.kowary.pl\/wp-content\/uploads\/2018\/01\/16836059_1484902594873745_8286732991214054984_o-150x150.jpg\" class=\"attachment-thumbnail size-thumbnail\" alt=\"\" \/><\/a>\n\t\t\t<\/dt><\/dl><dl class='gallery-item'>\n\t\t\t<dt class='gallery-icon landscape'>\n\t\t\t\t<a href='https:\/\/mok.kowary.pl\/wp-content\/uploads\/2018\/01\/18740426_1601676566529680_5198293598857841859_n.jpg'><img loading=\"lazy\" decoding=\"async\" width=\"150\" height=\"150\" src=\"https:\/\/mok.kowary.pl\/wp-content\/uploads\/2018\/01\/18740426_1601676566529680_5198293598857841859_n-150x150.jpg\" class=\"attachment-thumbnail size-thumbnail\" alt=\"\" \/><\/a>\n\t\t\t<\/dt><\/dl><dl class='gallery-item'>\n\t\t\t<dt class='gallery-icon landscape'>\n\t\t\t\t<a href='https:\/\/mok.kowary.pl\/wp-content\/uploads\/2018\/01\/24883606_1823338374363497_8213102323665590630_o.jpg'><img loading=\"lazy\" decoding=\"async\" width=\"150\" height=\"150\" src=\"https:\/\/mok.kowary.pl\/wp-content\/uploads\/2018\/01\/24883606_1823338374363497_8213102323665590630_o-150x150.jpg\" class=\"attachment-thumbnail size-thumbnail\" alt=\"\" \/><\/a>\n\t\t\t<\/dt><\/dl><br style=\"clear: both\" \/>\n\t\t<\/div>\n\n<ul>\n<li>Massa Per\u0142owa<\/li>\n<\/ul>\n","protected":false},"excerpt":{"rendered":"<p>W MOK Kowary obecnie dzia\u0142aj\u0105 nast\u0119puj\u0105ce zespo\u0142y muzyczne: Kowarskie Wrzosy Kowarska Orkiestra Rozrywkowa Mooroi Bandi Massa Per\u0142owa<\/p>\n","protected":false},"author":1,"featured_media":0,"parent":0,"menu_order":0,"comment_status":"closed","ping_status":"closed","template":"","meta":{"footnotes":""},"_links":{"self":[{"href":"https:\/\/mok.kowary.pl\/index.php\/wp-json\/wp\/v2\/pages\/21"}],"collection":[{"href":"https:\/\/mok.kowary.pl\/index.php\/wp-json\/wp\/v2\/pages"}],"about":[{"href":"https:\/\/mok.kowary.pl\/index.php\/wp-json\/wp\/v2\/types\/page"}],"author":[{"embeddable":true,"href":"https:\/\/mok.kowary.pl\/index.php\/wp-json\/wp\/v2\/users\/1"}],"replies":[{"embeddable":true,"href":"https:\/\/mok.kowary.pl\/index.php\/wp-json\/wp\/v2\/comments?post=21"}],"version-history":[{"count":8,"href":"https:\/\/mok.kowary.pl\/index.php\/wp-json\/wp\/v2\/pages\/21\/revisions"}],"predecessor-version":[{"id":165,"href":"https:\/\/mok.kowary.pl\/index.php\/wp-json\/wp\/v2\/pages\/21\/revisions\/165"}],"wp:attachment":[{"href":"https:\/\/mok.kowary.pl\/index.php\/wp-json\/wp\/v2\/media?parent=21"}],"curies":[{"name":"wp","href":"https:\/\/api.w.org\/{rel}","templated":true}]}}