{"id":5545,"date":"2026-03-27T20:28:44","date_gmt":"2026-03-27T19:28:44","guid":{"rendered":"https:\/\/mok.kowary.pl\/?page_id=5545"},"modified":"2026-03-27T20:28:44","modified_gmt":"2026-03-27T19:28:44","slug":"deklaracja-dostepnosci","status":"publish","type":"page","link":"https:\/\/mok.kowary.pl\/index.php\/deklaracja-dostepnosci\/","title":{"rendered":"Deklaracja dost\u0119pno\u015bci"},"content":{"rendered":"\n<p>Wst\u0119p Deklaracji<\/p>\n\n\n\n<p>Miejski O\u015brodek Kultury w Kowarach zobowi\u0105zuje si\u0119 zapewni\u0107 dost\u0119pno\u015b\u0107 swoich stron internetowych zgodnie z ustaw\u0105 z dnia 4 kwietnia 2019 r. o dost\u0119pno\u015bci cyfrowej stron internetowych i aplikacji mobilnych podmiot\u00f3w publicznych. O\u015bwiadczenie w sprawie dost\u0119pno\u015bci ma zastosowanie do strony:&nbsp;www.mok.kowary.pl<\/p>\n\n\n\n<p><strong>Data publikacji strony internetowej:<\/strong>&nbsp;2017-12-22.<\/p>\n\n\n\n<p><strong>Data ostatniej istotnej aktualizacji:<\/strong>&nbsp;2023-03-03.<\/p>\n\n\n\n<p>Strona internetowa jest zgodna z ustaw\u0105 z dnia 4 kwietnia 2019 r. o dost\u0119pno\u015bci cyfrowej stron internetowych i aplikacji mobilnych podmiot\u00f3w publicznych.&nbsp;<\/p>\n\n\n\n<p><strong>O\u015bwiadczenie sporz\u0105dzono dnia:<\/strong>&nbsp;2026-03-27.<\/p>\n\n\n\n<p>Strona internetowa jest cz\u0119\u015bciowo zgodna z ustaw\u0105 z dnia 4 kwietnia 2019 r. o dost\u0119pno\u015bci cyfrowej stron internetowych i aplikacji mobilnych podmiot\u00f3w publicznych z powodu poni\u017cszych niezgodno\u015bci lub wy\u0142\u0105cze\u0144:<\/p>\n\n\n\n<p>\u2022&nbsp;mog\u0105 zdarzy\u0107 si\u0119 sytuacje, \u017ce pomimo stara\u0144 redaktor\u00f3w, pewne dokumenty opublikowane na stronie s\u0105 niedost\u0119pne z uwagi na fakt, \u017ce:<\/p>\n\n\n\n<p>\u2022&nbsp;pochodz\u0105 z r\u00f3\u017cnych \u017ar\u00f3de\u0142,<\/p>\n\n\n\n<p>\u2022&nbsp;s\u0105 bardzo obszerne,<\/p>\n\n\n\n<p>\u2022&nbsp;opublikowane zosta\u0142y w oparciu o zasady przyj\u0119te w innej instytucji,<\/p>\n\n\n\n<p>\u2022&nbsp;opublikowane zosta\u0142y przed wej\u015bciem w \u017cycie ustawy o dost\u0119pno\u015bci cyfrowej;<\/p>\n\n\n\n<p>\u2022&nbsp;niekt\u00f3re filmy zamieszczone na stronie mog\u0105 r\u00f3wnie\u017c nie posiada\u0107 napis\u00f3w czy innych wymaganych element\u00f3w, z uwagi na fakt, \u017ce zosta\u0142y opublikowane r\u00f3wnie\u017c przed wej\u015bciem w \u017cycie ustawy o dost\u0119pno\u015bci cyfrowej lub pochodz\u0105 ze \u017ar\u00f3de\u0142 zewn\u0119trznych,<\/p>\n\n\n\n<p>\u2022&nbsp;z uwagi na ograniczenia systemowe na stronie nie jest przez redaktor\u00f3w stosowany znacznik lang.<\/p>\n\n\n\n<p>Deklaracj\u0119 sporz\u0105dzono na podstawie samooceny przeprowadzonej przez MOK w Kowarach.<\/p>\n\n\n\n<h1 class=\"wp-block-heading\"><strong>Informacje zwrotne i dane kontaktowe<\/strong><\/h1>\n\n\n\n<p>W przypadku problem\u00f3w z dost\u0119pno\u015bci\u0105 strony internetowej prosimy o kontakt pod adresem poczty elektronicznej: mok@mokkowary.pl.<\/p>\n\n\n\n<p>Kontaktowa\u0107 mo\u017cna si\u0119 tak\u017ce, dzwoni\u0105c na numer telefonu&nbsp;<strong>75 718 25 77<\/strong>.<\/p>\n\n\n\n<p>T\u0105 sam\u0105 drog\u0105 mo\u017cna sk\u0142ada\u0107 wnioski o udost\u0119pnienie informacji niedost\u0119pnej oraz sk\u0142ada\u0107 skargi na brak zapewnienia dost\u0119pno\u015bci.<\/p>\n\n\n\n<h1 class=\"wp-block-heading\"><strong>Dost\u0119pna strona<\/strong><\/h1>\n\n\n\n<h2 class=\"wp-block-heading\"><strong>Poruszanie si\u0119 bez u\u017cycia myszki<\/strong><\/h2>\n\n\n\n<p>Obs\u0142uga strony jest mo\u017cliwa tylko przy u\u017cyciu klawiatury i standardowych skr\u00f3t\u00f3w klawiaturowych. Strony oparte s\u0105 o struktur\u0119 nag\u0142\u00f3wk\u00f3w, kt\u00f3ra umo\u017cliwia szybkie poruszanie si\u0119 po stronie. Osoby, kt\u00f3re nie korzystaj\u0105 z myszki mog\u0105 bez problemu porusza\u0107 si\u0119 po stronach. Klawisz \u201eTAB\u201d przesunie fokus do ka\u017cdej z opcji nawigacji lub link\u00f3w na ekranie. Kombinacja klawiszy Shift+TAB cofnie fokus na poprzedni element nawigacji. Naciskaj\u0105c Enter nast\u0105pi przej\u015bcie do zaznaczonego odno\u015bnika. U\u017cywaj\u0105c strza\u0142ek \u201ew d\u00f3\u0142\u201d i \u201ew g\u00f3r\u0119\u201d mo\u017cna przewija\u0107 stron\u0119.<\/p>\n\n\n\n<p>Na pocz\u0105tku ka\u017cdej strony g\u0142\u00f3wnej umie\u015bcili\u015bmy linki \u2013 skr\u00f3ty prowadz\u0105ce do:<\/p>\n\n\n\n<p>Start, Kino za Rogiem, Zespo\u0142y, Dokumentacyjne Centrum Karkonoszy Online, Zaj\u0119cia sta\u0142e, Us\u0142ugi, Kontakt<\/p>\n\n\n\n<p>Z boku na dole strony:<\/p>\n\n\n\n<p>BIP i link do Facebook&nbsp;<\/p>\n\n\n\n<p>Na dole strony:<\/p>\n\n\n\n<p>Deklaracja dost\u0119pno\u015bci<\/p>\n\n\n\n<p>Polityka prywatno\u015bci<\/p>\n\n\n\n<h2 class=\"wp-block-heading\"><strong>Opisy alternatywne grafik i zdj\u0119\u0107<\/strong><\/h2>\n\n\n\n<p>Pami\u0119tamy, aby do grafik i zdj\u0119\u0107, prezentuj\u0105cych istotne informacje, doda\u0107 opisy alternatywne. Ponadto przyciski i pola formularzy s\u0105 w\u0142a\u015bciwie opisane.<\/p>\n\n\n\n<h2 class=\"wp-block-heading\"><strong>Powi\u0119kszanie strony<\/strong><\/h2>\n\n\n\n<p>Przegl\u0105darki internetowe za pomoc\u0105 skr\u00f3t\u00f3w klawiaturowych lub odpowiednich ustawie\u0144 umo\u017cliwiaj\u0105 powi\u0119kszenie stron. Jest to szczeg\u00f3lnie pomocne dla os\u00f3b z wad\u0105 wzroku.<\/p>\n\n\n\n<h2 class=\"wp-block-heading\"><strong>Kontrast i czcionki<\/strong><\/h2>\n\n\n\n<p>Kontrast kolorystyczny element\u00f3w przekazuj\u0105cych tre\u015bci ma stosunek jasno\u015bci tekstu do t\u0142a co najmniej 4,5 do 1. Mo\u017cliwa jest te\u017c zmiana wielko\u015bci czcionki tekstu w opublikowanych artyku\u0142ach.<\/p>\n\n\n\n<h2 class=\"wp-block-heading\"><strong>Zrozumia\u0142o\u015b\u0107 i czytelno\u015b\u0107 tre\u015bci<\/strong><\/h2>\n\n\n\n<p>Staramy si\u0119, aby nasze tre\u015bci by\u0142y zrozumia\u0142e, a spos\u00f3b ich prezentowania wp\u0142ywa\u0142 na lepsz\u0105 czytelno\u015b\u0107 materia\u0142\u00f3w i pomaga\u0142 w odbiorze informacji. D\u0142ugie teksty dzielimy na akapity, stosujemy wyr\u00f3\u017cnienia. Cytaty i wa\u017cne informacje s\u0105 odpowiednio wyr\u00f3\u017cnione.<\/p>\n\n\n\n<h2 class=\"wp-block-heading\"><strong>Procedura<\/strong><\/h2>\n\n\n\n<p>Ka\u017cdy ma prawo do wyst\u0105pienia z \u017c\u0105daniem zapewnienia dost\u0119pno\u015bci cyfrowej strony internetowej, aplikacji mobilnej lub jakiego\u015b ich elementu. Mo\u017cna tak\u017ce za\u017c\u0105da\u0107 udost\u0119pnienia informacji za pomoc\u0105 alternatywnego sposobu dost\u0119pu, na przyk\u0142ad przez odczytanie niedost\u0119pnego cyfrowo dokumentu, opisanie zawarto\u015bci filmu bez audiodeskrypcji itp. \u017b\u0105danie powinno zawiera\u0107 dane osoby zg\u0142aszaj\u0105cej \u017c\u0105danie, wskazanie, o kt\u00f3r\u0105 stron\u0119 internetow\u0105 lub aplikacj\u0119 mobiln\u0105 chodzi oraz spos\u00f3b kontaktu. Je\u017celi osoba \u017c\u0105daj\u0105ca zg\u0142asza potrzeb\u0119 otrzymania informacji za pomoc\u0105 alternatywnego sposobu dost\u0119pu, powinna tak\u017ce okre\u015bli\u0107 dogodny dla niej spos\u00f3b przedstawienia tej informacji.<\/p>\n\n\n\n<p>Podmiot publiczny powinien zrealizowa\u0107 \u017c\u0105danie niezw\u0142ocznie, nie p\u00f3\u017aniej ni\u017c w ci\u0105gu 7 dni od dnia wyst\u0105pienia z \u017c\u0105daniem. Je\u017celi dotrzymanie tego terminu nie jest mo\u017cliwe, podmiot publiczny niezw\u0142ocznie informuje o tym wnosz\u0105cego \u017c\u0105danie, kiedy realizacja \u017c\u0105dania b\u0119dzie mo\u017cliwa, przy czym termin ten nie mo\u017ce by\u0107 d\u0142u\u017cszy ni\u017c 2 miesi\u0105ce od dnia wyst\u0105pienia z \u017c\u0105daniem. Je\u017celi zapewnienie dost\u0119pno\u015bci cyfrowej nie jest mo\u017cliwe, podmiot publiczny mo\u017ce zaproponowa\u0107 alternatywny spos\u00f3b dost\u0119pu do informacji.<\/p>\n\n\n\n<p>W przypadku, gdy podmiot publiczny odm\u00f3wi realizacji \u017c\u0105dania zapewnienia dost\u0119pno\u015bci lub alternatywnego sposobu dost\u0119pu do informacji, wnosz\u0105cy \u017c\u0105danie mo\u017cne z\u0142o\u017cy\u0107 skarg\u0119 w sprawie zapewniana dost\u0119pno\u015bci cyfrowej strony internetowej, aplikacji mobilnej lub elementu strony internetowej, lub aplikacji mobilnej. Po wyczerpaniu wskazanej wy\u017cej procedury mo\u017cna tak\u017ce z\u0142o\u017cy\u0107 wniosek do Rzecznika Praw Obywatelskich.&nbsp;<a href=\"https:\/\/www.rpo.gov.pl\/content\/jak-zglosic-sie-do-rzecznika-praw-obywatelskich\">Link do strony Rzecznika Praw Obywatelskich<\/a><\/p>\n\n\n\n<h1 class=\"wp-block-heading\"><strong>Dost\u0119pno\u015b\u0107 architektoniczna<\/strong><\/h1>\n\n\n\n<p>Budynek MOK Kowary nie jest dost\u0119pny dla os\u00f3b poruszaj\u0105cych si\u0119 na w\u00f3zkach.&nbsp;<\/p>\n\n\n\n<p>Do budynku mo\u017cna wej\u015b\u0107 z psem asystuj\u0105cym i z psem przewodnikiem.<\/p>\n\n\n\n<h1 class=\"wp-block-heading\"><strong>Dost\u0119pno\u015b\u0107 dla os\u00f3b nies\u0142ysz\u0105cych lub s\u0142abos\u0142ysz\u0105cych<\/strong><\/h1>\n\n\n\n<p>W budynku MOK KOwary nie ma p\u0119tli indukcyjnych.<\/p>\n\n\n\n<p>W budynku nie ma oznacze\u0144 w alfabecie Brajla ani oznacze\u0144 kontrastowych lub w druku powi\u0119kszonym dla os\u00f3b niewidomych i s\u0142abowidz\u0105cych.<\/p>\n\n\n\n<p>Zgodnie z Ustaw\u0105 z dnia 19 sierpnia 2011 r. o j\u0119zyku migowym i innych \u015brodkach komunikowania si\u0119 (Dz.U. z 2011 r., Nr 209, poz. 1243 z p\u00f3\u017an. zm.) osoby do\u015bwiadczaj\u0105ce trwale lub okresowo trudno\u015bci w komunikowaniu si\u0119, maj\u0105 prawo do korzystania z us\u0142ug pozwalaj\u0105cych na komunikowanie si\u0119.<\/p>\n\n\n\n<p>Kontakt z JCK \u201eMuflon\u201d mo\u017cliwy jest w szczeg\u00f3lno\u015bci poprzez:<\/p>\n\n\n\n<ol>\n<li>korzystanie z poczty elektronicznej \u2013 e-mail: mok@mokkowary.pl,<\/li>\n\n\n\n<li>korespondencj\u0119 pisemn\u0105 na adres: MOK Kowary, ul. Szklona 2, 58-530 Kowary<\/li>\n<\/ol>\n\n\n\n<p>Mo\u017cna r\u00f3wnie\u017c skorzysta\u0107 z pomocy osoby przybranej tj. osoby, kt\u00f3ra uko\u0144czy\u0142a 16 lat i zosta\u0142a wybrana przez osob\u0119 zainteresowan\u0105 w celu u\u0142atwienia porozumienia z ni\u0105 i udzielenia jej pomocy w za\u0142atwieniu spraw.<\/p>\n\n\n\n<h1 class=\"wp-block-heading\"><strong>Aplikacje mobilne<\/strong><\/h1>\n\n\n\n<p>Obecnie nie udost\u0119pniamy \u017cadnych aplikacji mobilnych.<\/p>\n","protected":false},"excerpt":{"rendered":"<p>Wst\u0119p Deklaracji Miejski O\u015brodek Kultury w Kowarach zobowi\u0105zuje si\u0119 zapewni\u0107 dost\u0119pno\u015b\u0107 swoich stron internetowych zgodnie z ustaw\u0105 z dnia 4 kwietnia 2019 r. o dost\u0119pno\u015bci cyfrowej stron internetowych i aplikacji mobilnych podmiot\u00f3w publicznych. O\u015bwiadczenie w sprawie dost\u0119pno\u015bci ma zastosowanie do strony:&nbsp;www.mok.kowary.pl Data publikacji strony internetowej:&nbsp;2017-12-22. Data ostatniej istotnej aktualizacji:&nbsp;2023-03-03. Strona internetowa jest zgodna z ustaw\u0105 [&hellip;]<\/p>\n","protected":false},"author":2,"featured_media":0,"parent":0,"menu_order":0,"comment_status":"closed","ping_status":"closed","template":"","meta":{"footnotes":""},"_links":{"self":[{"href":"https:\/\/mok.kowary.pl\/index.php\/wp-json\/wp\/v2\/pages\/5545"}],"collection":[{"href":"https:\/\/mok.kowary.pl\/index.php\/wp-json\/wp\/v2\/pages"}],"about":[{"href":"https:\/\/mok.kowary.pl\/index.php\/wp-json\/wp\/v2\/types\/page"}],"author":[{"embeddable":true,"href":"https:\/\/mok.kowary.pl\/index.php\/wp-json\/wp\/v2\/users\/2"}],"replies":[{"embeddable":true,"href":"https:\/\/mok.kowary.pl\/index.php\/wp-json\/wp\/v2\/comments?post=5545"}],"version-history":[{"count":1,"href":"https:\/\/mok.kowary.pl\/index.php\/wp-json\/wp\/v2\/pages\/5545\/revisions"}],"predecessor-version":[{"id":5546,"href":"https:\/\/mok.kowary.pl\/index.php\/wp-json\/wp\/v2\/pages\/5545\/revisions\/5546"}],"wp:attachment":[{"href":"https:\/\/mok.kowary.pl\/index.php\/wp-json\/wp\/v2\/media?parent=5545"}],"curies":[{"name":"wp","href":"https:\/\/api.w.org\/{rel}","templated":true}]}}